{"id":24,"date":"2023-05-18T14:36:36","date_gmt":"2023-05-18T12:36:36","guid":{"rendered":"https:\/\/animation.lilasoi.fr\/?page_id=24"},"modified":"2025-10-03T15:01:04","modified_gmt":"2025-10-03T13:01:04","slug":"danse","status":"publish","type":"page","link":"https:\/\/animation.lilasoi.fr\/index.php\/danse\/","title":{"rendered":"Danse"},"content":{"rendered":"\t\t<div data-elementor-type=\"wp-page\" data-elementor-id=\"24\" class=\"elementor elementor-24\">\n\t\t\t\t<div class=\"elementor-element elementor-element-480d3c0 e-flex e-con-boxed e-con e-parent\" data-id=\"480d3c0\" data-element_type=\"container\">\n\t\t\t\t\t<div class=\"e-con-inner\">\n\t\t\t\t<div class=\"elementor-element elementor-element-b1fe1bf elementor-widget elementor-widget-heading\" data-id=\"b1fe1bf\" data-element_type=\"widget\" data-widget_type=\"heading.default\">\n\t\t\t\t<div class=\"elementor-widget-container\">\n\t\t\t\t\t<h2 class=\"elementor-heading-title elementor-size-default\">Danse A\u00e9rienne<\/h2>\t\t\t\t<\/div>\n\t\t\t\t<\/div>\n\t\t\t\t\t<\/div>\n\t\t\t\t<\/div>\n\t\t<div class=\"elementor-element elementor-element-1adde41 e-flex e-con-boxed e-con e-parent\" data-id=\"1adde41\" data-element_type=\"container\">\n\t\t\t\t\t<div class=\"e-con-inner\">\n\t\t\t\t<div class=\"elementor-element elementor-element-4f13f30 elementor-widget elementor-widget-image\" data-id=\"4f13f30\" data-element_type=\"widget\" data-widget_type=\"image.default\">\n\t\t\t\t<div class=\"elementor-widget-container\">\n\t\t\t\t\t\t\t\t\t\t\t\t\t\t\t<img fetchpriority=\"high\" decoding=\"async\" width=\"300\" height=\"300\" src=\"https:\/\/animation.lilasoi.fr\/wp-content\/uploads\/2025\/10\/publi-stage-toussaint-danse-aerienne-300x300.jpg\" class=\"attachment-medium size-medium wp-image-913\" alt=\"danse a\u00e9rienne\" srcset=\"https:\/\/animation.lilasoi.fr\/wp-content\/uploads\/2025\/10\/publi-stage-toussaint-danse-aerienne-300x300.jpg 300w, https:\/\/animation.lilasoi.fr\/wp-content\/uploads\/2025\/10\/publi-stage-toussaint-danse-aerienne-1024x1024.jpg 1024w, https:\/\/animation.lilasoi.fr\/wp-content\/uploads\/2025\/10\/publi-stage-toussaint-danse-aerienne-150x150.jpg 150w, https:\/\/animation.lilasoi.fr\/wp-content\/uploads\/2025\/10\/publi-stage-toussaint-danse-aerienne-768x768.jpg 768w, https:\/\/animation.lilasoi.fr\/wp-content\/uploads\/2025\/10\/publi-stage-toussaint-danse-aerienne-600x600.jpg 600w, https:\/\/animation.lilasoi.fr\/wp-content\/uploads\/2025\/10\/publi-stage-toussaint-danse-aerienne.jpg 1080w\" sizes=\"(max-width: 300px) 100vw, 300px\" \/>\t\t\t\t\t\t\t\t\t\t\t\t\t\t\t<\/div>\n\t\t\t\t<\/div>\n\t\t\t\t\t<\/div>\n\t\t\t\t<\/div>\n\t\t<div class=\"elementor-element elementor-element-5bd0067 e-flex e-con-boxed e-con e-parent\" data-id=\"5bd0067\" data-element_type=\"container\">\n\t\t\t\t\t<div class=\"e-con-inner\">\n\t\t\t\t<div class=\"elementor-element elementor-element-0a4b36b elementor-widget elementor-widget-text-editor\" data-id=\"0a4b36b\" data-element_type=\"widget\" data-widget_type=\"text-editor.default\">\n\t\t\t\t<div class=\"elementor-widget-container\">\n\t\t\t\t\t\t\t\t\t<div dir=\"auto\">Stage de Danse A\u00e9rienne\u00a0<\/div><div dir=\"auto\">Mercredi 22 et Jeudi 23 octobre de 17h \u00e0 20h \u00e0 Gymnase imp. Planquette \u00e0 la Garde<\/div><div dir=\"auto\">R\u00e9servation 06 66 06 39 14<\/div><div dir=\"auto\">Seulement 10 places (r\u00e9serv\u00e9e aux personnes ayant une pratique sportive r\u00e9guli\u00e8re). 80\u20ac les 2 jours.<\/div><div dir=\"auto\">Tenue ad\u00e9quate legging et t-shirt pr\u00e8s du corps. Pensez \u00e0 prendre une bouteille d&rsquo;eau.<\/div><div dir=\"auto\">\u00a0<\/div><div dir=\"auto\">Entre verticalit\u00e9 et horizontalit\u00e9, entre le cirque et la danse, cet atelier de danse a\u00e9rienne se focalisera autant sur les aspects techniques que sur les aspects sensibles. Nous utiliserons des figures a\u00e9riennes de base, ainsi que des notions de danse contact pour nourrir une recherche chor\u00e9graphique.<\/div>\t\t\t\t\t\t\t\t<\/div>\n\t\t\t\t<\/div>\n\t\t\t\t\t<\/div>\n\t\t\t\t<\/div>\n\t\t<div class=\"elementor-element elementor-element-27b3f8b e-flex e-con-boxed e-con e-parent\" data-id=\"27b3f8b\" data-element_type=\"container\">\n\t\t\t\t\t<div class=\"e-con-inner\">\n\t\t\t\t<div class=\"elementor-element elementor-element-b4ec79f elementor-widget elementor-widget-heading\" data-id=\"b4ec79f\" data-element_type=\"widget\" data-widget_type=\"heading.default\">\n\t\t\t\t<div class=\"elementor-widget-container\">\n\t\t\t\t\t<h1 class=\"elementor-heading-title elementor-size-default\">contact@lilasoi.fr<br>06 66 06 39 14<\/h1>\t\t\t\t<\/div>\n\t\t\t\t<\/div>\n\t\t\t\t\t<\/div>\n\t\t\t\t<\/div>\n\t\t<div class=\"elementor-element elementor-element-6c9db86 e-flex e-con-boxed e-con e-parent\" data-id=\"6c9db86\" data-element_type=\"container\">\n\t\t\t\t\t<div class=\"e-con-inner\">\n\t\t\t\t<div class=\"elementor-element elementor-element-5ec5a16 elementor-widget elementor-widget-heading\" data-id=\"5ec5a16\" data-element_type=\"widget\" data-widget_type=\"heading.default\">\n\t\t\t\t<div class=\"elementor-widget-container\">\n\t\t\t\t\t<h2 class=\"elementor-heading-title elementor-size-xxl\">Danse Intuitive<\/h2>\t\t\t\t<\/div>\n\t\t\t\t<\/div>\n\t\t<div class=\"elementor-element elementor-element-ce5d85a e-flex e-con-boxed e-con e-child\" data-id=\"ce5d85a\" data-element_type=\"container\">\n\t\t\t\t\t<div class=\"e-con-inner\">\n\t\t\t\t<div class=\"elementor-element elementor-element-a9640d3 elementor-widget elementor-widget-image\" data-id=\"a9640d3\" data-element_type=\"widget\" data-widget_type=\"image.default\">\n\t\t\t\t<div class=\"elementor-widget-container\">\n\t\t\t\t\t\t\t\t\t\t\t\t\t\t\t<img decoding=\"async\" width=\"683\" height=\"1024\" src=\"https:\/\/animation.lilasoi.fr\/wp-content\/uploads\/2024\/03\/A4-danse-intuitive-avr-juin-24-683x1024.jpg\" class=\"attachment-large size-large wp-image-740\" alt=\"\" srcset=\"https:\/\/animation.lilasoi.fr\/wp-content\/uploads\/2024\/03\/A4-danse-intuitive-avr-juin-24-683x1024.jpg 683w, https:\/\/animation.lilasoi.fr\/wp-content\/uploads\/2024\/03\/A4-danse-intuitive-avr-juin-24-200x300.jpg 200w, https:\/\/animation.lilasoi.fr\/wp-content\/uploads\/2024\/03\/A4-danse-intuitive-avr-juin-24.jpg 762w\" sizes=\"(max-width: 683px) 100vw, 683px\" \/>\t\t\t\t\t\t\t\t\t\t\t\t\t\t\t<\/div>\n\t\t\t\t<\/div>\n\t\t\t\t\t<\/div>\n\t\t\t\t<\/div>\n\t\t\t\t\t<\/div>\n\t\t\t\t<\/div>\n\t\t<div class=\"elementor-element elementor-element-3005f6b e-flex e-con-boxed e-con e-parent\" data-id=\"3005f6b\" data-element_type=\"container\">\n\t\t\t\t\t<div class=\"e-con-inner\">\n\t\t\t\t<div class=\"elementor-element elementor-element-c1f8585 elementor-widget-mobile__width-initial elementor-widget elementor-widget-text-editor\" data-id=\"c1f8585\" data-element_type=\"widget\" data-widget_type=\"text-editor.default\">\n\t\t\t\t<div class=\"elementor-widget-container\">\n\t\t\t\t\t\t\t\t\t<p>Entre la Danse Libre et le Voyage Int\u00e9rieur, La danse intuitive permet une <strong>exploration libre de son propre mouvement<\/strong>. Parfois dans sa bulle, parfois en grande connexion aux autres, on navigue sans jugement. Cette pratique d\u2019expression spontan\u00e9e est <strong>ouverte \u00e0 tous<\/strong>, quels que soient votre condition physique, votre \u00e2ge, ou votre exp\u00e9rience ou inexp\u00e9rience de la danse.<\/p>\t\t\t\t\t\t\t\t<\/div>\n\t\t\t\t<\/div>\n\t\t\t\t\t<\/div>\n\t\t\t\t<\/div>\n\t\t<div class=\"elementor-element elementor-element-286fae2 e-con-full e-flex e-con e-parent\" data-id=\"286fae2\" data-element_type=\"container\">\n\t\t\t\t<div class=\"elementor-element elementor-element-56e9f02 elementor-widget-mobile__width-initial elementor-widget elementor-widget-text-editor\" data-id=\"56e9f02\" data-element_type=\"widget\" data-widget_type=\"text-editor.default\">\n\t\t\t\t<div class=\"elementor-widget-container\">\n\t\t\t\t\t\t\t\t\t<p>Apr\u00e8s une pr\u00e9paration du corps, du souffle et de l\u2019esprit, vous \u00eates plong\u00e9s en vous-m\u00eame.<\/p><p>C\u2019est un temps pour se relier \u00e0 son essence en restant en lien avec l\u2019environnement ; d\u00e9nouer les tensions physiques, \u00e9motionnelles, mentales ; aller \u00e0 son rythme ; contacter ses sens, son \u00e9tat d\u2019\u00eatre et son \u00e9tat d\u2019\u00e2me ; se d\u00e9faire du savoir-faire ; s\u2019accorder ; s\u2019accorder de l\u2019espace.<\/p><p>Selon les t\u00e9moignages des danseurs :<\/p><p><em>\u00ab La danse intuitive est comme un voyage int\u00e9rieur o\u00f9 l\u2019imaginaire rejoint la r\u00e9alit\u00e9 et le corps exprime librement la r\u00e9sonance des sons et des mots. \u00bb <\/em><\/p><p><em>\u00ab Chaque danse est une nouvelle aventure, une nouvelle conqu\u00eate dans la lib\u00e9ration d\u2019un espace int\u00e9rieur qui s\u2019exprime par le corps. \u00bb <\/em><\/p><p><em>\u00ab La danse cont\u00e9e me permet un vrai travail et dialogue avec mes m\u00e9moires \u00bb.<\/em><\/p>\t\t\t\t\t\t\t\t<\/div>\n\t\t\t\t<\/div>\n\t\t\t\t<\/div>\n\t\t<div class=\"elementor-element elementor-element-9821c7f e-flex e-con-boxed e-con e-parent\" data-id=\"9821c7f\" data-element_type=\"container\">\n\t\t\t\t\t<div class=\"e-con-inner\">\n\t\t\t\t<div class=\"elementor-element elementor-element-d8a926b elementor-widget elementor-widget-text-editor\" data-id=\"d8a926b\" data-element_type=\"widget\" data-widget_type=\"text-editor.default\">\n\t\t\t\t<div class=\"elementor-widget-container\">\n\t\t\t\t\t\t\t\t\t<p>Intervenante\u00a0: Elise Sanson, issue de la danse-contact et de la danse-th\u00e9\u00e2tre, je m\u2019inspire du Qi gong, du Yoga, du Clown, du Release. Je pratique \u00e9galement le tissu a\u00e9rien et le conte qui m\u2019ouvrent d\u2019autres espaces. J\u2019aime vivre diff\u00e9rents niveaux de reliance\u00a0: moi et soi, moi et l\u2019autre, moi et l\u2019environnement, moi et le myst\u00e8re&#8230; La respiration, l\u2019\u00e9coute, la pr\u00e9sence, la conscience, le mouvement libre sont des cartes que je rebats sans cesse.<\/p>\t\t\t\t\t\t\t\t<\/div>\n\t\t\t\t<\/div>\n\t\t\t\t\t<\/div>\n\t\t\t\t<\/div>\n\t\t<div class=\"elementor-element elementor-element-8c15ca9 e-flex e-con-boxed e-con e-parent\" data-id=\"8c15ca9\" data-element_type=\"container\">\n\t\t\t\t\t<div class=\"e-con-inner\">\n\t\t\t\t<div class=\"elementor-element elementor-element-3bc4ab5 elementor-widget elementor-widget-text-editor\" data-id=\"3bc4ab5\" data-element_type=\"widget\" data-widget_type=\"text-editor.default\">\n\t\t\t\t<div class=\"elementor-widget-container\">\n\t\t\t\t\t\t\t\t\t<p style=\"text-align: center;\"><strong>1e Samedi du mois de 14h \u00e0 15h, \u00e0 Hy\u00e8res (<a href=\"https:\/\/maps.app.goo.gl\/Z2Px2XvedoZmWSWh6\" target=\"_blank\" rel=\"noopener\">Kyo Dake Wa, 16 rue de Brest<\/a>)<\/strong><\/p><p style=\"text-align: center;\"><strong>1e Dimanche du mois de 19h30 \u00e0 21h, \u00e0 Toulon (Parc de la Tour Royal) <\/strong><\/p>\t\t\t\t\t\t\t\t<\/div>\n\t\t\t\t<\/div>\n\t\t\t\t\t<\/div>\n\t\t\t\t<\/div>\n\t\t<div class=\"elementor-element elementor-element-77a2671 e-flex e-con-boxed e-con e-parent\" data-id=\"77a2671\" data-element_type=\"container\">\n\t\t\t\t\t<div class=\"e-con-inner\">\n\t\t\t\t<div class=\"elementor-element elementor-element-8474d42 elementor-widget elementor-widget-heading\" data-id=\"8474d42\" data-element_type=\"widget\" data-widget_type=\"heading.default\">\n\t\t\t\t<div class=\"elementor-widget-container\">\n\t\t\t\t\t<h2 class=\"elementor-heading-title elementor-size-default\">Danse Contact<\/h2>\t\t\t\t<\/div>\n\t\t\t\t<\/div>\n\t\t\t\t\t<\/div>\n\t\t\t\t<\/div>\n\t\t<div class=\"elementor-element elementor-element-7dc81a9 e-flex e-con-boxed e-con e-parent\" data-id=\"7dc81a9\" data-element_type=\"container\">\n\t\t\t\t\t<div class=\"e-con-inner\">\n\t\t\t\t<div class=\"elementor-element elementor-element-339f6bf elementor-widget elementor-widget-image\" data-id=\"339f6bf\" data-element_type=\"widget\" data-widget_type=\"image.default\">\n\t\t\t\t<div class=\"elementor-widget-container\">\n\t\t\t\t\t\t\t\t\t\t\t\t\t\t\t<img decoding=\"async\" width=\"683\" height=\"1024\" src=\"https:\/\/animation.lilasoi.fr\/wp-content\/uploads\/2024\/03\/A4-danse-contact-24-683x1024.jpg\" class=\"attachment-large size-large wp-image-745\" alt=\"danse contact initiation\" srcset=\"https:\/\/animation.lilasoi.fr\/wp-content\/uploads\/2024\/03\/A4-danse-contact-24-683x1024.jpg 683w, https:\/\/animation.lilasoi.fr\/wp-content\/uploads\/2024\/03\/A4-danse-contact-24-200x300.jpg 200w, https:\/\/animation.lilasoi.fr\/wp-content\/uploads\/2024\/03\/A4-danse-contact-24-768x1151.jpg 768w, https:\/\/animation.lilasoi.fr\/wp-content\/uploads\/2024\/03\/A4-danse-contact-24.jpg 788w\" sizes=\"(max-width: 683px) 100vw, 683px\" \/>\t\t\t\t\t\t\t\t\t\t\t\t\t\t\t<\/div>\n\t\t\t\t<\/div>\n\t\t\t\t\t<\/div>\n\t\t\t\t<\/div>\n\t\t<div class=\"elementor-element elementor-element-da11796 e-flex e-con-boxed e-con e-parent\" data-id=\"da11796\" data-element_type=\"container\">\n\t\t\t\t\t<div class=\"e-con-inner\">\n\t\t\t\t<div class=\"elementor-element elementor-element-6c2241c elementor-widget elementor-widget-text-editor\" data-id=\"6c2241c\" data-element_type=\"widget\" data-widget_type=\"text-editor.default\">\n\t\t\t\t<div class=\"elementor-widget-container\">\n\t\t\t\t\t\t\t\t\t<div dir=\"auto\">Initiation Danse Contact\u00a0<\/div><div dir=\"auto\">Samedi 6 avril de 16h \u00e0 19h \u00e0 <a href=\"https:\/\/www.facebook.com\/kyodakewa.hyeres\/\" target=\"_blank\" rel=\"noopener\">Kyo Dake Wa<\/a><\/div><div dir=\"auto\">30\u20ac les 3h &#8211; 6 places seulement\u00a0<\/div><div dir=\"auto\">pr\u00e9voir un t shirt \u00e0 manches longues et une bouteille d&rsquo;eau<\/div><div dir=\"auto\">\u00a0<\/div><div dir=\"auto\"><strong>La danse contact est un art de l&rsquo;\u00e9coute de l&rsquo;autre et de soi.<\/strong> Lors de cet atelier, des outils techniques vous seront apport\u00e9s.\u00a0<\/div><div dir=\"auto\">Avant d&rsquo;aller vers les autres danseurs, nous\u00a0 aborderons l&rsquo;approche du sol, les appuis, les limites. L&rsquo;entr\u00e9e en contact se fera de mani\u00e8re progressive selon le ressenti du moment de chacun. Des exercices seuls, en duo ou en groupe vous permettrons de vous familiariser avec les diff\u00e9rents mani\u00e8res de se mouvoir de chacun des participants. Une petite Jam d&rsquo;impro vous sera propos\u00e9e en fin de s\u00e9ance.<\/div><div dir=\"auto\">Initi\u00e9e en 1972 par Steve Paxton, le Contact Improvisation est une danse exp\u00e9rimentale qui joue avec les lois physiques, \u00e0 travers la gravit\u00e9 et l&rsquo;expansion, l&rsquo;\u00e9quilibre et le d\u00e9centrement, l&rsquo;inertie et l&rsquo;impulsion et la modification des forces en pr\u00e9sence.<\/div>\t\t\t\t\t\t\t\t<\/div>\n\t\t\t\t<\/div>\n\t\t\t\t\t<\/div>\n\t\t\t\t<\/div>\n\t\t<div class=\"elementor-element elementor-element-f55377a e-flex e-con-boxed e-con e-parent\" data-id=\"f55377a\" data-element_type=\"container\">\n\t\t\t\t\t<div class=\"e-con-inner\">\n\t\t\t\t<div class=\"elementor-element elementor-element-d39746a elementor-widget-divider--separator-type-pattern elementor-widget-divider--view-line elementor-widget elementor-widget-divider\" data-id=\"d39746a\" data-element_type=\"widget\" data-widget_type=\"divider.default\">\n\t\t\t\t<div class=\"elementor-widget-container\">\n\t\t\t\t\t\t\t<div class=\"elementor-divider\" style=\"--divider-pattern-url: url(&quot;data:image\/svg+xml,%3Csvg xmlns=&#039;http:\/\/www.w3.org\/2000\/svg&#039; preserveAspectRatio=&#039;none&#039; overflow=&#039;visible&#039; height=&#039;100%&#039; viewBox=&#039;0 0 24 24&#039; fill=&#039;none&#039; stroke=&#039;black&#039; stroke-width=&#039;5&#039; stroke-linecap=&#039;square&#039; stroke-miterlimit=&#039;10&#039;%3E%3Cpolyline points=&#039;0,18 12,6 24,18 &#039;\/%3E%3C\/svg%3E&quot;);\">\n\t\t\t<span class=\"elementor-divider-separator\">\n\t\t\t\t\t\t<\/span>\n\t\t<\/div>\n\t\t\t\t\t\t<\/div>\n\t\t\t\t<\/div>\n\t\t\t\t\t<\/div>\n\t\t\t\t<\/div>\n\t\t<div class=\"elementor-element elementor-element-596cc50 e-flex e-con-boxed e-con e-parent\" data-id=\"596cc50\" data-element_type=\"container\">\n\t\t\t\t\t<div class=\"e-con-inner\">\n\t\t\t\t<div class=\"elementor-element elementor-element-6f7b2ed elementor-widget elementor-widget-heading\" data-id=\"6f7b2ed\" data-element_type=\"widget\" data-widget_type=\"heading.default\">\n\t\t\t\t<div class=\"elementor-widget-container\">\n\t\t\t\t\t<h2 class=\"elementor-heading-title elementor-size-default\">Danse Cont\u00e9e<\/h2>\t\t\t\t<\/div>\n\t\t\t\t<\/div>\n\t\t\t\t<div class=\"elementor-element elementor-element-45581b2 elementor-widget elementor-widget-image\" data-id=\"45581b2\" data-element_type=\"widget\" data-widget_type=\"image.default\">\n\t\t\t\t<div class=\"elementor-widget-container\">\n\t\t\t\t\t\t\t\t\t\t\t\t\t\t\t<img loading=\"lazy\" decoding=\"async\" width=\"768\" height=\"802\" src=\"https:\/\/animation.lilasoi.fr\/wp-content\/uploads\/2024\/06\/IMG-20240526-WA0009-e1719474295522-768x802.jpg\" class=\"attachment-medium_large size-medium_large wp-image-797\" alt=\"animation de danse parent enfant avec des ruban de GRS\" srcset=\"https:\/\/animation.lilasoi.fr\/wp-content\/uploads\/2024\/06\/IMG-20240526-WA0009-e1719474295522-768x802.jpg 768w, https:\/\/animation.lilasoi.fr\/wp-content\/uploads\/2024\/06\/IMG-20240526-WA0009-e1719474295522-287x300.jpg 287w, https:\/\/animation.lilasoi.fr\/wp-content\/uploads\/2024\/06\/IMG-20240526-WA0009-e1719474295522-981x1024.jpg 981w, https:\/\/animation.lilasoi.fr\/wp-content\/uploads\/2024\/06\/IMG-20240526-WA0009-e1719474295522-1471x1536.jpg 1471w, https:\/\/animation.lilasoi.fr\/wp-content\/uploads\/2024\/06\/IMG-20240526-WA0009-e1719474295522.jpg 1512w\" sizes=\"(max-width: 768px) 100vw, 768px\" \/>\t\t\t\t\t\t\t\t\t\t\t\t\t\t\t<\/div>\n\t\t\t\t<\/div>\n\t\t\t\t\t<\/div>\n\t\t\t\t<\/div>\n\t\t<div class=\"elementor-element elementor-element-1629bd6 e-flex e-con-boxed e-con e-parent\" data-id=\"1629bd6\" data-element_type=\"container\">\n\t\t\t\t\t<div class=\"e-con-inner\">\n\t\t\t\t<div class=\"elementor-element elementor-element-f36d8fd elementor-widget elementor-widget-text-editor\" data-id=\"f36d8fd\" data-element_type=\"widget\" data-widget_type=\"text-editor.default\">\n\t\t\t\t<div class=\"elementor-widget-container\">\n\t\t\t\t\t\t\t\t\t<p>Manipulations d\u2019objets (foulards, bolas, rubans, \u00e9ventails) et Chor\u00e9graphie sur le th\u00e8me des animaux volants Cette animation se d\u00e9cline en 3 niveaux de difficult\u00e9\u00a0: foulard \u00e0 partir de 4 ans, rubans \u00e0 partir de 6 ans, bolas et \u00e9ventail \u00e0 partir de 8 ans. Cette activit\u00e9 est accessible \u00e0 tous et peut \u00eatre r\u00e9alis\u00e9e en famille. Elle est \u00e0 la fois ludique, artistique et sportive.<\/p><p><strong>Danse Cont\u00e9e \u2013 en famille \u2013 30 min &#8211; max\u00a0: 20 pers<\/strong><\/p><p>Besoin\u00a0: 4m\u00b2\/pers, H\u00a0: 2.5m, un sol plat<\/p>\t\t\t\t\t\t\t\t<\/div>\n\t\t\t\t<\/div>\n\t\t\t\t\t<\/div>\n\t\t\t\t<\/div>\n\t\t\t\t<\/div>\n\t\t","protected":false},"excerpt":{"rendered":"<p>Danse A\u00e9rienne Stage de Danse A\u00e9rienne\u00a0Mercredi 22 et Jeudi 23 octobre de 17h \u00e0 20h \u00e0 Gymnase imp. Planquette \u00e0 la GardeR\u00e9servation 06 66 06 39 14Seulement 10 places (r\u00e9serv\u00e9e aux personnes ayant une pratique sportive r\u00e9guli\u00e8re). 80\u20ac les 2 jours.Tenue ad\u00e9quate legging et t-shirt pr\u00e8s du corps. Pensez \u00e0 prendre une bouteille d&rsquo;eau.\u00a0Entre verticalit\u00e9 [&hellip;]<\/p>\n","protected":false},"author":1,"featured_media":0,"parent":0,"menu_order":0,"comment_status":"closed","ping_status":"closed","template":"elementor_header_footer","meta":{"ocean_post_layout":"","ocean_both_sidebars_style":"","ocean_both_sidebars_content_width":0,"ocean_both_sidebars_sidebars_width":0,"ocean_sidebar":"0","ocean_second_sidebar":"0","ocean_disable_margins":"enable","ocean_add_body_class":"","ocean_shortcode_before_top_bar":"","ocean_shortcode_after_top_bar":"","ocean_shortcode_before_header":"","ocean_shortcode_after_header":"","ocean_has_shortcode":"","ocean_shortcode_after_title":"","ocean_shortcode_before_footer_widgets":"","ocean_shortcode_after_footer_widgets":"","ocean_shortcode_before_footer_bottom":"","ocean_shortcode_after_footer_bottom":"","ocean_display_top_bar":"default","ocean_display_header":"default","ocean_header_style":"","ocean_center_header_left_menu":"0","ocean_custom_header_template":"0","ocean_custom_logo":0,"ocean_custom_retina_logo":0,"ocean_custom_logo_max_width":0,"ocean_custom_logo_tablet_max_width":0,"ocean_custom_logo_mobile_max_width":0,"ocean_custom_logo_max_height":0,"ocean_custom_logo_tablet_max_height":0,"ocean_custom_logo_mobile_max_height":0,"ocean_header_custom_menu":"0","ocean_menu_typo_font_family":"0","ocean_menu_typo_font_subset":"","ocean_menu_typo_font_size":0,"ocean_menu_typo_font_size_tablet":0,"ocean_menu_typo_font_size_mobile":0,"ocean_menu_typo_font_size_unit":"px","ocean_menu_typo_font_weight":"","ocean_menu_typo_font_weight_tablet":"","ocean_menu_typo_font_weight_mobile":"","ocean_menu_typo_transform":"","ocean_menu_typo_transform_tablet":"","ocean_menu_typo_transform_mobile":"","ocean_menu_typo_line_height":0,"ocean_menu_typo_line_height_tablet":0,"ocean_menu_typo_line_height_mobile":0,"ocean_menu_typo_line_height_unit":"","ocean_menu_typo_spacing":0,"ocean_menu_typo_spacing_tablet":0,"ocean_menu_typo_spacing_mobile":0,"ocean_menu_typo_spacing_unit":"","ocean_menu_link_color":"","ocean_menu_link_color_hover":"","ocean_menu_link_color_active":"","ocean_menu_link_background":"","ocean_menu_link_hover_background":"","ocean_menu_link_active_background":"","ocean_menu_social_links_bg":"","ocean_menu_social_hover_links_bg":"","ocean_menu_social_links_color":"","ocean_menu_social_hover_links_color":"","ocean_disable_title":"default","ocean_disable_heading":"default","ocean_post_title":"","ocean_post_subheading":"","ocean_post_title_style":"","ocean_post_title_background_color":"","ocean_post_title_background":0,"ocean_post_title_bg_image_position":"","ocean_post_title_bg_image_attachment":"","ocean_post_title_bg_image_repeat":"","ocean_post_title_bg_image_size":"","ocean_post_title_height":0,"ocean_post_title_bg_overlay":0.5,"ocean_post_title_bg_overlay_color":"","ocean_disable_breadcrumbs":"default","ocean_breadcrumbs_color":"","ocean_breadcrumbs_separator_color":"","ocean_breadcrumbs_links_color":"","ocean_breadcrumbs_links_hover_color":"","ocean_display_footer_widgets":"default","ocean_display_footer_bottom":"default","ocean_custom_footer_template":"0","footnotes":""},"class_list":["post-24","page","type-page","status-publish","hentry","entry"],"_links":{"self":[{"href":"https:\/\/animation.lilasoi.fr\/index.php\/wp-json\/wp\/v2\/pages\/24","targetHints":{"allow":["GET"]}}],"collection":[{"href":"https:\/\/animation.lilasoi.fr\/index.php\/wp-json\/wp\/v2\/pages"}],"about":[{"href":"https:\/\/animation.lilasoi.fr\/index.php\/wp-json\/wp\/v2\/types\/page"}],"author":[{"embeddable":true,"href":"https:\/\/animation.lilasoi.fr\/index.php\/wp-json\/wp\/v2\/users\/1"}],"replies":[{"embeddable":true,"href":"https:\/\/animation.lilasoi.fr\/index.php\/wp-json\/wp\/v2\/comments?post=24"}],"version-history":[{"count":169,"href":"https:\/\/animation.lilasoi.fr\/index.php\/wp-json\/wp\/v2\/pages\/24\/revisions"}],"predecessor-version":[{"id":949,"href":"https:\/\/animation.lilasoi.fr\/index.php\/wp-json\/wp\/v2\/pages\/24\/revisions\/949"}],"wp:attachment":[{"href":"https:\/\/animation.lilasoi.fr\/index.php\/wp-json\/wp\/v2\/media?parent=24"}],"curies":[{"name":"wp","href":"https:\/\/api.w.org\/{rel}","templated":true}]}}